{"id":88,"date":"2021-05-15T13:36:04","date_gmt":"2021-05-15T11:36:04","guid":{"rendered":"http:\/\/doerings.info\/wprs\/?page_id=88"},"modified":"2026-02-03T21:01:49","modified_gmt":"2026-02-03T20:01:49","slug":"wappen","status":"publish","type":"page","link":"https:\/\/doerings.info\/?page_id=88","title":{"rendered":"Wappen"},"content":{"rendered":"\n<p>Die Heraldik interessiert mich selbst bei meinen Forschungen nur beil\u00e4ufig, trotzdem bleiben einige Zufallsfunde nat\u00fcrlich nicht aus. So kann ich inzwischen aus 3 unterschiedlichen Quellen ein und dasselbe Wappen unterschiedlicher Ausarbeitung darstellen. \u00dcber weitere Erg\u00e4nzungen dieser Seite freue ich mich immer.<\/p>\n\n\n\n<figure class=\"wp-block-image aligncenter size-large\"><img loading=\"lazy\" decoding=\"async\" width=\"426\" height=\"568\" src=\"https:\/\/doerings.info\/wprs\/wp-content\/uploads\/2021\/05\/WappenDoering-2.jpg\" alt=\"\" class=\"wp-image-92\" srcset=\"https:\/\/doerings.info\/wprs\/wp-content\/uploads\/2021\/05\/WappenDoering-2.jpg 426w, https:\/\/doerings.info\/wprs\/wp-content\/uploads\/2021\/05\/WappenDoering-2-225x300.jpg 225w\" sizes=\"auto, (max-width: 426px) 100vw, 426px\" \/><figcaption class=\"wp-element-caption\">Aus Privatbesitz von Nachfahren des Dr. Paul D\u00f6ring, Berlin<\/figcaption><\/figure>\n\n\n\n<figure class=\"wp-block-image aligncenter size-large is-style-default\"><img loading=\"lazy\" decoding=\"async\" width=\"482\" height=\"734\" src=\"https:\/\/doerings.info\/wprs\/wp-content\/uploads\/2021\/05\/WappenPrivat.jpg\" alt=\"\" class=\"wp-image-94\" srcset=\"https:\/\/doerings.info\/wprs\/wp-content\/uploads\/2021\/05\/WappenPrivat.jpg 482w, https:\/\/doerings.info\/wprs\/wp-content\/uploads\/2021\/05\/WappenPrivat-197x300.jpg 197w\" sizes=\"auto, (max-width: 482px) 100vw, 482px\" \/><figcaption class=\"wp-element-caption\">Aus Privatbesitz<\/figcaption><\/figure>\n\n\n\n<figure class=\"wp-block-image aligncenter size-large is-style-default\"><img loading=\"lazy\" decoding=\"async\" width=\"309\" height=\"435\" src=\"https:\/\/doerings.info\/wprs\/wp-content\/uploads\/2021\/05\/WappenWDoering.jpg\" alt=\"\" class=\"wp-image-95\" srcset=\"https:\/\/doerings.info\/wprs\/wp-content\/uploads\/2021\/05\/WappenWDoering.jpg 309w, https:\/\/doerings.info\/wprs\/wp-content\/uploads\/2021\/05\/WappenWDoering-213x300.jpg 213w\" sizes=\"auto, (max-width: 309px) 100vw, 309px\" \/><figcaption class=\"wp-element-caption\">Willi D\u00f6ring, 93149 Nittenau<br>&nbsp;<br>Hinweise zur Herkunft: Das Wappen stammt von einem Wachtmeister Hermann D\u00f6ring aus Ershausen und wurde 1974 von dem Wappenmaler Haserodt in M\u00fchlhausen\/Th\u00fcr. gezeichnet (sh. Bildunterschrift). Danach ging das Wappen zur\u00fcck an die erbberechtigten&nbsp; Besitzer (keine D\u00f6rings!) und ist seitdem verschwunden&#8230;<\/figcaption><\/figure>\n\n\n\n<figure class=\"wp-block-image aligncenter size-large is-style-default\"><img loading=\"lazy\" decoding=\"async\" width=\"426\" height=\"568\" src=\"https:\/\/doerings.info\/wprs\/wp-content\/uploads\/2021\/05\/Misserode2016-1.jpg\" alt=\"\" class=\"wp-image-99\" srcset=\"https:\/\/doerings.info\/wprs\/wp-content\/uploads\/2021\/05\/Misserode2016-1.jpg 426w, https:\/\/doerings.info\/wprs\/wp-content\/uploads\/2021\/05\/Misserode2016-1-225x300.jpg 225w\" sizes=\"auto, (max-width: 426px) 100vw, 426px\" \/><figcaption class=\"wp-element-caption\">2016 fand mein Vater dieses Wappen auf dem Speicher des D\u00f6ring&#8217;schen Stammhofes in Misserode. Der Hof wurde gerade grundlegend saniert und die Besitzer erlaubten meinem Vater, sich darin etwas umzusehen.<br>Scheinbar handelt es sich dabei um die unvollendete Arbeit. Die derzeitigen Besitzer konnten zu dem Wappen oder seiner Entstehung aber keine Aussage machen.<\/figcaption><\/figure>\n\n\n\n<figure class=\"wp-block-image aligncenter size-large is-style-default\"><img loading=\"lazy\" decoding=\"async\" width=\"364\" height=\"545\" src=\"https:\/\/doerings.info\/wprs\/wp-content\/uploads\/2021\/05\/WappenBayern.jpg\" alt=\"\" class=\"wp-image-96\" srcset=\"https:\/\/doerings.info\/wprs\/wp-content\/uploads\/2021\/05\/WappenBayern.jpg 364w, https:\/\/doerings.info\/wprs\/wp-content\/uploads\/2021\/05\/WappenBayern-200x300.jpg 200w\" sizes=\"auto, (max-width: 364px) 100vw, 364px\" \/><figcaption class=\"wp-element-caption\">Franz D\u00f6ring, Saarbr\u00fccken<\/figcaption><\/figure>\n\n\n\n<figure class=\"wp-block-image aligncenter size-large is-style-default\"><img loading=\"lazy\" decoding=\"async\" width=\"484\" height=\"209\" src=\"https:\/\/doerings.info\/wprs\/wp-content\/uploads\/2021\/05\/WappenCDoering.jpg\" alt=\"\" class=\"wp-image-97\" srcset=\"https:\/\/doerings.info\/wprs\/wp-content\/uploads\/2021\/05\/WappenCDoering.jpg 484w, https:\/\/doerings.info\/wprs\/wp-content\/uploads\/2021\/05\/WappenCDoering-300x130.jpg 300w\" sizes=\"auto, (max-width: 484px) 100vw, 484px\" \/><figcaption class=\"wp-element-caption\">Carel D\u00f6ring<\/figcaption><\/figure>\n\n\n\n<p>Ein weiteres Wappen derer &#8222;von D\u00f6ring&#8220; findet sich auf der Internetseite der Stadt L\u00fcneburg <a href=\"http:\/\/www.lueneburger-geschichte.de\" target=\"_blank\" rel=\"noreferrer noopener\">www.lueneburger-geschichte.de<\/a><\/p>\n\n\n\n<p>Die Patrizier-Familie &#8222;von D\u00f6ring&#8220; war von 1374 bis 1780 in L\u00fcneburg ans\u00e4ssig. Ein Zusammenhang mit den Eichsfelder D\u00f6rings konnte bisher nicht festgestellt werden<\/p>\n","protected":false},"excerpt":{"rendered":"<p>Die Heraldik interessiert mich selbst bei meinen Forschungen nur beil\u00e4ufig, trotzdem bleiben einige Zufallsfunde nat\u00fcrlich nicht aus. So kann ich inzwischen aus 3 unterschiedlichen Quellen ein und dasselbe Wappen unterschiedlicher Ausarbeitung darstellen. \u00dcber weitere Erg\u00e4nzungen dieser Seite freue ich mich immer. Ein weiteres Wappen derer &#8222;von D\u00f6ring&#8220; findet sich auf der Internetseite der Stadt L\u00fcneburg &hellip; <\/p>\n<p class=\"link-more\"><a href=\"https:\/\/doerings.info\/?page_id=88\" class=\"more-link\">Mehr <span class=\"screen-reader-text\">\u00fcber &#8222;Wappen&#8220; <\/span>Lesen<\/a><\/p>\n","protected":false},"author":1,"featured_media":0,"parent":0,"menu_order":0,"comment_status":"closed","ping_status":"closed","template":"","meta":{"inspiro_hide_title":false,"footnotes":""},"class_list":["post-88","page","type-page","status-publish","hentry"],"_links":{"self":[{"href":"https:\/\/doerings.info\/index.php?rest_route=\/wp\/v2\/pages\/88","targetHints":{"allow":["GET"]}}],"collection":[{"href":"https:\/\/doerings.info\/index.php?rest_route=\/wp\/v2\/pages"}],"about":[{"href":"https:\/\/doerings.info\/index.php?rest_route=\/wp\/v2\/types\/page"}],"author":[{"embeddable":true,"href":"https:\/\/doerings.info\/index.php?rest_route=\/wp\/v2\/users\/1"}],"replies":[{"embeddable":true,"href":"https:\/\/doerings.info\/index.php?rest_route=%2Fwp%2Fv2%2Fcomments&post=88"}],"version-history":[{"count":4,"href":"https:\/\/doerings.info\/index.php?rest_route=\/wp\/v2\/pages\/88\/revisions"}],"predecessor-version":[{"id":250,"href":"https:\/\/doerings.info\/index.php?rest_route=\/wp\/v2\/pages\/88\/revisions\/250"}],"wp:attachment":[{"href":"https:\/\/doerings.info\/index.php?rest_route=%2Fwp%2Fv2%2Fmedia&parent=88"}],"curies":[{"name":"wp","href":"https:\/\/api.w.org\/{rel}","templated":true}]}}