{"id":7,"date":"2021-05-15T11:01:45","date_gmt":"2021-05-15T09:01:45","guid":{"rendered":"http:\/\/doerings.info\/wprs\/?page_id=7"},"modified":"2021-07-01T17:35:07","modified_gmt":"2021-07-01T15:35:07","slug":"kontakt","status":"publish","type":"page","link":"https:\/\/doerings.info\/?page_id=7","title":{"rendered":"Kontakt"},"content":{"rendered":"\n<p>Ahnenforschung lebt vom gegenseitigen Austausch untereinander! Nur so kommen wir mit der Hilfe anderer Forscher immer wieder ein St\u00fcck weiter in unserer eigenen Ahnenforschung. In diesem Sinne bin ich \u00fcr Erg\u00e4nzungen meiner Daten jederzeit dankbar und w\u00fcrde mich \u00fcber eine <a href=\"mailto:genealogie@doerings.info\" data-type=\"mailto\" data-id=\"mailto:genealogie@doerings.info\">E-Mail<\/a> freuen. Selbstverst\u00e4ndlich stelle ich meine Daten im Gegenzug auch zur Verf\u00fcgung.<\/p>\n","protected":false},"excerpt":{"rendered":"<p>Ahnenforschung lebt vom gegenseitigen Austausch untereinander! Nur so kommen wir mit der Hilfe anderer Forscher immer wieder ein St\u00fcck weiter in unserer eigenen Ahnenforschung. In diesem Sinne bin ich \u00fcr Erg\u00e4nzungen meiner Daten jederzeit dankbar und w\u00fcrde mich \u00fcber eine E-Mail freuen. Selbstverst\u00e4ndlich stelle ich meine Daten im Gegenzug auch zur Verf\u00fcgung.<\/p>\n","protected":false},"author":1,"featured_media":0,"parent":0,"menu_order":0,"comment_status":"closed","ping_status":"closed","template":"","meta":{"inspiro_hide_title":false,"footnotes":""},"class_list":["post-7","page","type-page","status-publish","hentry"],"_links":{"self":[{"href":"https:\/\/doerings.info\/index.php?rest_route=\/wp\/v2\/pages\/7","targetHints":{"allow":["GET"]}}],"collection":[{"href":"https:\/\/doerings.info\/index.php?rest_route=\/wp\/v2\/pages"}],"about":[{"href":"https:\/\/doerings.info\/index.php?rest_route=\/wp\/v2\/types\/page"}],"author":[{"embeddable":true,"href":"https:\/\/doerings.info\/index.php?rest_route=\/wp\/v2\/users\/1"}],"replies":[{"embeddable":true,"href":"https:\/\/doerings.info\/index.php?rest_route=%2Fwp%2Fv2%2Fcomments&post=7"}],"version-history":[{"count":5,"href":"https:\/\/doerings.info\/index.php?rest_route=\/wp\/v2\/pages\/7\/revisions"}],"predecessor-version":[{"id":197,"href":"https:\/\/doerings.info\/index.php?rest_route=\/wp\/v2\/pages\/7\/revisions\/197"}],"wp:attachment":[{"href":"https:\/\/doerings.info\/index.php?rest_route=%2Fwp%2Fv2%2Fmedia&parent=7"}],"curies":[{"name":"wp","href":"https:\/\/api.w.org\/{rel}","templated":true}]}}