{"id":55,"date":"2021-05-15T12:23:46","date_gmt":"2021-05-15T10:23:46","guid":{"rendered":"http:\/\/doerings.info\/wprs\/?page_id=55"},"modified":"2026-04-25T20:24:34","modified_gmt":"2026-04-25T18:24:34","slug":"meine-datenbank","status":"publish","type":"page","link":"https:\/\/doerings.info\/?page_id=55","title":{"rendered":"Meine Datenbank"},"content":{"rendered":"\n<p><strong>Zun\u00e4chst einige Hinweise&#8230;<\/strong><br>&#8230; zum Verwenden und zur Weiterver\u00f6ffentlichung meiner Daten<br>&#8230; zur Herkunft und zu Erg\u00e4nzungen meiner Daten<br>&#8230; zum Datenschutz<br>&#8230; zur gezielten Suche nach eigenen D\u00f6ring-Ahnen in meiner Datenbank<\/p>\n\n\n\n<p><strong>Verwendung meiner Daten:<\/strong><br>Wie Sie sicher selbst wissen, lebt die Forschung nach den eigenen Vorfahren vom st\u00e4ndigen Austausch untereinander. In diesem Sinne m\u00f6chte ich jeden bitten, dem ich mit meinen Daten in seiner Ahnenforschung weiterhelfen kann, mir eine kurze R\u00fcckmeldung per <a href=\"mailto:genealogie@doerings.info\">E-Mail<\/a> dazu zu geben.&nbsp; Selbstverst\u00e4ndlich k\u00f6nnen Sie die Daten in Ihre Forschung einbinden. Bei einer Ver\u00f6ffentlichung im Internet oder in anderen Medien legen Sie allerdings bitte einen Link zu meiner Seite bzw. einen Quellennachweis an.<\/p>\n\n\n\n<p><strong>Herkunft meiner Daten:<\/strong><br>Die Angaben beruhen auf Forschungsergebnissen des Dr. Paul D\u00f6ring (1906-1983) und eigenen Forschungen. Erg\u00e4nzt werden sie durch Daten anderer Familienforscher. Alle Daten werden nach bestem Wissen wiedergegeben.\u00a0 Sollten Sie Unstimmigkeiten feststellen oder Erg\u00e4nzungen meiner Daten haben, so bitte ich um eine kurze <a href=\"mailto:genealogie@doerings.info\">Nachricht<\/a>.<br><br><strong>Datenschutz<\/strong>:<br>In der Datenbank werden nur die Jahreszahlen angezeigt. Noch lebende Personen werden g\u00e4nzlich ohne Daten dargestellt<br><br><strong>Suche nach eigenen Ahnen:<\/strong> <br>Bitte beachten Sie bei Ihrer Suche, dass beispielsweise eine &#8218;Maria&#8216; auch als &#8218;Anna Maria&#8216; oder \u00e4hnlich gef\u00fchrt werden kann. \u00c4hnliches kommt bei den M\u00e4nnern vor: so kann z.B. &#8218;Peter&#8216; als &#8218;Johann Peter&#8216; oder &#8218;Peter Johann&#8216; zu finden sein. Bitte beachten Sie auch die verschiedenen Namensformen (z.B. Nikolaus = Claus = Klaus, oder Johannes = Johann = Hans). Auch Familiennamen unterliegen unterschiedlichen Schreibweisen, die z.T. aber bereits vereinheitlicht wurden (Beispiel: D\u00f6ring = Dorringk = Thoring = Doering, etc.). Vornamen in Gro\u00dfbuchstaben geben den Rufnamen an.<\/p>\n\n\n\n<p class=\"has-text-align-center has-medium-font-size\"><strong>&gt;&gt;&gt; <a rel=\"noreferrer noopener\" href=\"https:\/\/doerings.info\/webtrees\" data-type=\"URL\" data-id=\"https:\/\/doerings.info\/webtrees\" target=\"_blank\">hier geht&#8217;s weiter zur Datenbank <\/a>&lt;&lt;&lt;<\/strong><\/p>\n","protected":false},"excerpt":{"rendered":"<p>Zun\u00e4chst einige Hinweise&#8230;&#8230; zum Verwenden und zur Weiterver\u00f6ffentlichung meiner Daten&#8230; zur Herkunft und zu Erg\u00e4nzungen meiner Daten&#8230; zum Datenschutz&#8230; zur gezielten Suche nach eigenen D\u00f6ring-Ahnen in meiner Datenbank Verwendung meiner Daten:Wie Sie sicher selbst wissen, lebt die Forschung nach den eigenen Vorfahren vom st\u00e4ndigen Austausch untereinander. In diesem Sinne m\u00f6chte ich jeden bitten, dem ich &hellip; <\/p>\n<p class=\"link-more\"><a href=\"https:\/\/doerings.info\/?page_id=55\" class=\"more-link\">Mehr <span class=\"screen-reader-text\">\u00fcber &#8222;Meine Datenbank&#8220; <\/span>Lesen<\/a><\/p>\n","protected":false},"author":1,"featured_media":0,"parent":0,"menu_order":0,"comment_status":"closed","ping_status":"closed","template":"","meta":{"inspiro_hide_title":false,"footnotes":""},"class_list":["post-55","page","type-page","status-publish","hentry"],"_links":{"self":[{"href":"https:\/\/doerings.info\/index.php?rest_route=\/wp\/v2\/pages\/55","targetHints":{"allow":["GET"]}}],"collection":[{"href":"https:\/\/doerings.info\/index.php?rest_route=\/wp\/v2\/pages"}],"about":[{"href":"https:\/\/doerings.info\/index.php?rest_route=\/wp\/v2\/types\/page"}],"author":[{"embeddable":true,"href":"https:\/\/doerings.info\/index.php?rest_route=\/wp\/v2\/users\/1"}],"replies":[{"embeddable":true,"href":"https:\/\/doerings.info\/index.php?rest_route=%2Fwp%2Fv2%2Fcomments&post=55"}],"version-history":[{"count":10,"href":"https:\/\/doerings.info\/index.php?rest_route=\/wp\/v2\/pages\/55\/revisions"}],"predecessor-version":[{"id":287,"href":"https:\/\/doerings.info\/index.php?rest_route=\/wp\/v2\/pages\/55\/revisions\/287"}],"wp:attachment":[{"href":"https:\/\/doerings.info\/index.php?rest_route=%2Fwp%2Fv2%2Fmedia&parent=55"}],"curies":[{"name":"wp","href":"https:\/\/api.w.org\/{rel}","templated":true}]}}